{"id":520,"date":"2026-03-14T19:20:19","date_gmt":"2026-03-14T18:20:19","guid":{"rendered":"https:\/\/llosa.es\/?post_type=product&#038;p=520"},"modified":"2026-03-14T20:19:51","modified_gmt":"2026-03-14T19:19:51","slug":"encargos-personalizados","status":"publish","type":"product","link":"https:\/\/llosa.es\/index.php\/producto\/encargos-personalizados\/","title":{"rendered":"Tu proyecto a medida"},"content":{"rendered":"<h2 data-section-id=\"1qm6itz\" data-start=\"256\" data-end=\"282\">Encargos personalizados<\/h2>\n<p data-start=\"284\" data-end=\"344\"><strong data-start=\"284\" data-end=\"344\">Transformamos ideas, telas y recuerdos en piezas \u00fanicas.<\/strong><\/p>\n<h3 data-section-id=\"1ka0kg3\" data-start=\"351\" data-end=\"388\">\u00bfCre\u00e9is que se podr\u00eda hacer esto?<\/h3>\n<p data-start=\"390\" data-end=\"443\">Algunos proyectos empiezan con una pregunta sencilla:<\/p>\n<p data-start=\"390\" data-end=\"443\"><strong data-start=\"445\" data-end=\"484\">\u00a0 \u00a0 \u00a0\u00bfCre\u00e9is que se podr\u00eda hacer esto?<\/strong><\/p>\n<p data-start=\"486\" data-end=\"544\">En Llosa esa es probablemente la frase que m\u00e1s escuchamos.<\/p>\n<p data-start=\"546\" data-end=\"721\">Somos un peque\u00f1o taller textil y nos gusta trabajar as\u00ed: <strong data-start=\"603\" data-end=\"721\">escuchando ideas, viendo qu\u00e9 se puede hacer y buscando la mejor forma de convertirlas en una pieza \u00fatil y cuidada.<\/strong><\/p>\n<p data-start=\"723\" data-end=\"851\">A veces se trata de <strong data-start=\"743\" data-end=\"782\">transformar una prenda con historia<\/strong>.<br data-start=\"783\" data-end=\"786\" \/>Otras veces de <strong data-start=\"801\" data-end=\"850\">crear algo que no se encuentra en las tiendas<\/strong>.<\/p>\n<h4 data-section-id=\"1eu5jms\" data-start=\"858\" data-end=\"903\">Ejemplos de proyectos que hemos realizado<\/h4>\n<ul>\n<li data-section-id=\"op79ty\" data-start=\"905\" data-end=\"944\">\n<p data-start=\"907\" data-end=\"944\"><strong data-start=\"907\" data-end=\"942\">Colchas hechas con ropa de beb\u00e9 <\/strong><a href=\"https:\/\/llosa.es\/index.php\/2026\/02\/14\/colcha-con-ropa-de-bebe\/\"><strong data-start=\"974\" data-end=\"1013\">(ver el proyecto completo en el blog)<\/strong><\/a><\/p>\n<\/li>\n<li data-section-id=\"8wiucp\" data-start=\"945\" data-end=\"984\">\n<p data-start=\"947\" data-end=\"984\"><strong data-start=\"947\" data-end=\"982\">Prendas transformadas en bolsos<\/strong><\/p>\n<\/li>\n<li data-section-id=\"1x61wcf\" data-start=\"985\" data-end=\"1037\">\n<p data-start=\"987\" data-end=\"1037\"><strong data-start=\"987\" data-end=\"1035\">Accesorios adaptados a necesidades concretas<\/strong><\/p>\n<\/li>\n<li data-section-id=\"1ktyxsl\" data-start=\"1038\" data-end=\"1061\">\n<p data-start=\"1040\" data-end=\"1061\"><strong data-start=\"1040\" data-end=\"1061\">Ropa para mu\u00f1ecos<\/strong><\/p>\n<\/li>\n<\/ul>\n<h3 data-section-id=\"iy1c6t\" data-start=\"1068\" data-end=\"1089\">\u00bfTienes una idea?<\/h3>\n<p data-start=\"1091\" data-end=\"1264\">Si tienes <strong data-start=\"1101\" data-end=\"1136\">una tela que quieres aprovechar<\/strong>, <strong data-start=\"1138\" data-end=\"1159\">una idea en mente<\/strong> o <strong data-start=\"1162\" data-end=\"1204\">necesitas algo con una medida especial<\/strong>, puedes cont\u00e1rnoslo y vemos juntos <strong data-start=\"1240\" data-end=\"1263\">c\u00f3mo hacerlo viable<\/strong>.<\/p>\n<h3 data-section-id=\"j8wy8w\" data-start=\"1271\" data-end=\"1289\">\u00bfC\u00f3mo empezar?<\/h3>\n<p data-start=\"1291\" data-end=\"1407\">Rellena el <strong data-start=\"1302\" data-end=\"1328\">formulario de contacto<\/strong> que encontrar\u00e1s m\u00e1s abajo (o <strong data-start=\"1358\" data-end=\"1385\">escr\u00edbenos por <a href=\"https:\/\/api.whatsapp.com\/send?phone=https:\/\/wa.me\/605838625\">WhatsApp<\/a><\/strong>) y cu\u00e9ntanos tu idea.<\/p>\n<p data-start=\"1409\" data-end=\"1502\">Nos pondremos en contacto contigo para hablar de <strong data-start=\"1458\" data-end=\"1501\">materiales, posibilidades y presupuesto<\/strong>.<\/p>\n<p><strong>Cu\u00e9ntanos tu idea y vemos juntos c\u00f3mo hacerla realidad.<\/strong><\/p>\n<style id=\"wpforms-css-vars-522\">\n\t\t\t\t#wpforms-522 {\n\t\t\t\t--wpforms-container-padding: 0px;\n--wpforms-container-border-width: 1px;\n--wpforms-container-border-radius: 3px;\n--wpforms-background-color: rgba(0, 0, 0, 0);\n--wpforms-field-size-input-height: 43px;\n--wpforms-field-size-input-spacing: 15px;\n--wpforms-field-size-font-size: 16px;\n--wpforms-field-size-line-height: 19px;\n--wpforms-field-size-padding-h: 14px;\n--wpforms-field-size-checkbox-size: 16px;\n--wpforms-field-size-sublabel-spacing: 5px;\n--wpforms-field-size-icon-size: 1;\n--wpforms-label-size-font-size: 16px;\n--wpforms-label-size-line-height: 19px;\n--wpforms-label-size-sublabel-font-size: 14px;\n--wpforms-label-size-sublabel-line-height: 17px;\n--wpforms-button-size-font-size: 17px;\n--wpforms-button-size-height: 41px;\n--wpforms-button-size-padding-h: 15px;\n--wpforms-button-size-margin-top: 10px;\n--wpforms-container-shadow-size-box-shadow: none;\n\t\t\t}\n\t\t\t<\/style><div class=\"wpforms-container wpforms-container-full wpforms-render-modern\" id=\"wpforms-522\"><form id=\"wpforms-form-522\" class=\"wpforms-validate wpforms-form wpforms-ajax-form\" data-formid=\"522\" method=\"post\" enctype=\"multipart\/form-data\" action=\"\/index.php\/wp-json\/wp\/v2\/product\/520\" data-token=\"d8073bea5e22a77d8b767bd6c3190efe\" data-token-time=\"1777468333\"><noscript class=\"wpforms-error-noscript\">Por favor, activa JavaScript en tu navegador para completar este formulario.<\/noscript><div id=\"wpforms-error-noscript\" style=\"display: none;\">Por favor, activa JavaScript en tu navegador para completar este formulario.<\/div><div class=\"wpforms-field-container\">\t\t<div id=\"wpforms-522-field_6-container\"\n\t\t\tclass=\"wpforms-field wpforms-field-text\"\n\t\t\tdata-field-type=\"text\"\n\t\t\tdata-field-id=\"6\"\n\t\t\t>\n\t\t\t<label class=\"wpforms-field-label\" for=\"wpforms-522-field_6\" >necesitas \u00bfLo Privacidad<\/label>\n\t\t\t<input type=\"text\" id=\"wpforms-522-field_6\" class=\"wpforms-field-medium\" name=\"wpforms[fields][6]\" >\n\t\t<\/div>\n\t\t<div id=\"wpforms-522-field_1-container\" class=\"wpforms-field wpforms-field-name\" data-field-id=\"1\"><label class=\"wpforms-field-label\" for=\"wpforms-522-field_1\">Nombre <span class=\"wpforms-required-label\" aria-hidden=\"true\">*<\/span><\/label><input type=\"text\" id=\"wpforms-522-field_1\" class=\"wpforms-field-medium wpforms-field-required\" name=\"wpforms[fields][1]\" aria-errormessage=\"wpforms-522-field_1-error\" required><\/div><div id=\"wpforms-522-field_2-container\" class=\"wpforms-field wpforms-field-email\" data-field-id=\"2\"><label class=\"wpforms-field-label\" for=\"wpforms-522-field_2\">Correo electr\u00f3nico <span class=\"wpforms-required-label\" aria-hidden=\"true\">*<\/span><\/label><input type=\"email\" id=\"wpforms-522-field_2\" class=\"wpforms-field-medium wpforms-field-required\" name=\"wpforms[fields][2]\" spellcheck=\"false\" aria-errormessage=\"wpforms-522-field_2-error\" aria-describedby=\"wpforms-522-field_2-description\" required><div id=\"wpforms-522-field_2-description\" class=\"wpforms-field-description\">Por aqu\u00ed nos pondremos en contacto.<\/div><\/div><div id=\"wpforms-522-field_3-container\" class=\"wpforms-field wpforms-field-textarea\" data-field-id=\"3\"><label class=\"wpforms-field-label\" for=\"wpforms-522-field_3\">\u00bfQu\u00e9 tienes en mente? <span class=\"wpforms-required-label\" aria-hidden=\"true\">*<\/span><\/label><textarea id=\"wpforms-522-field_3\" class=\"wpforms-field-medium wpforms-field-required\" name=\"wpforms[fields][3]\" aria-errormessage=\"wpforms-522-field_3-error\" aria-describedby=\"wpforms-522-field_3-description\" required><\/textarea><div id=\"wpforms-522-field_3-description\" class=\"wpforms-field-description\">Cu\u00e9ntanos qu\u00e9 quieres crear, si tienes una prenda especial, necesitas un producto concreto....\n\nSi tienes fotos de referencia o de la prenda que quieres usar, no te preocupes podr\u00e1s adjuntarlas cuando te respondamos al correo electr\u00f3nico.<\/div><\/div><div id=\"wpforms-522-field_4-container\" class=\"wpforms-field wpforms-field-text\" data-field-id=\"4\"><label class=\"wpforms-field-label\" for=\"wpforms-522-field_4\">\u00bfLo necesitas para alguna fecha concreta?<\/label><input type=\"text\" id=\"wpforms-522-field_4\" class=\"wpforms-field-medium\" name=\"wpforms[fields][4]\" aria-errormessage=\"wpforms-522-field_4-error\" aria-describedby=\"wpforms-522-field_4-description\" ><div id=\"wpforms-522-field_4-description\" class=\"wpforms-field-description\">Por ejemplo, si es para un cumplea\u00f1os o un evento especial.<\/div><\/div><div id=\"wpforms-522-field_5-container\" class=\"wpforms-field wpforms-field-checkbox\" data-field-id=\"5\"><fieldset><legend class=\"wpforms-field-label\">Privacidad <span class=\"wpforms-required-label\" aria-hidden=\"true\">*<\/span><\/legend><ul id=\"wpforms-522-field_5\" class=\"wpforms-field-required\"><li class=\"choice-1 depth-1\"><input type=\"checkbox\" id=\"wpforms-522-field_5_1\" name=\"wpforms[fields][5][]\" value=\"He le\u00eddo y acepto la &lt;a href=&quot;https:\/\/llosa.es\/index.php\/politica-de-privacidad\/&quot; target=&quot;_blank&quot;&gt;Pol\u00edtica de Privacidad&lt;\/a&gt;\" aria-errormessage=\"wpforms-522-field_5_1-error\" aria-describedby=\"wpforms-522-field_5-description\" required ><label class=\"wpforms-field-label-inline\" for=\"wpforms-522-field_5_1\">He le\u00eddo y acepto la <a href=\"https:\/\/llosa.es\/index.php\/politica-de-privacidad\/\" target=\"_blank\">Pol\u00edtica de Privacidad<\/a><\/label><\/li><\/ul><div id=\"wpforms-522-field_5-description\" class=\"wpforms-field-description\">LLOSA tratar\u00e1 tus datos para gestionar tu consulta. No se ceder\u00e1n a terceros y tienes derecho a acceder, rectificar o borrarlos cuando quieras. Tienes toda la info detallada en nuestra Pol\u00edtica de Privacidad.<\/div><\/fieldset><\/div><script>\n\t\t\t\t( function() {\n\t\t\t\t\tconst style = document.createElement( 'style' );\n\t\t\t\t\tstyle.appendChild( document.createTextNode( '#wpforms-522-field_6-container { position: absolute !important; overflow: hidden !important; display: inline !important; height: 1px !important; width: 1px !important; z-index: -1000 !important; padding: 0 !important; } #wpforms-522-field_6-container input { visibility: hidden; } #wpforms-conversational-form-page #wpforms-522-field_6-container label { counter-increment: none; }' ) );\n\t\t\t\t\tdocument.head.appendChild( style );\n\t\t\t\t\tdocument.currentScript?.remove();\n\t\t\t\t} )();\n\t\t\t<\/script><\/div><!-- .wpforms-field-container --><div class=\"wpforms-submit-container\" ><input type=\"hidden\" name=\"wpforms[id]\" value=\"522\"><input type=\"hidden\" name=\"page_title\" value=\"\"><input type=\"hidden\" name=\"page_url\" value=\"https:\/\/llosa.es\/index.php\/wp-json\/wp\/v2\/product\/520\"><input type=\"hidden\" name=\"url_referer\" value=\"\"><button type=\"submit\" name=\"wpforms[submit]\" id=\"wpforms-submit-522\" class=\"wpforms-submit\" data-alt-text=\"Enviando al taller...\" data-submit-text=\"Enviar idea\" aria-live=\"assertive\" value=\"wpforms-submit\">Enviar idea<\/button><img loading=\"lazy\" decoding=\"async\" src=\"https:\/\/llosa.es\/wp-content\/plugins\/wpforms-lite\/assets\/images\/submit-spin.svg\" class=\"wpforms-submit-spinner\" style=\"display: none;\" width=\"26\" height=\"26\" alt=\"Cargando\"><\/div><\/form><\/div>  <!-- .wpforms-container -->\n","protected":false},"excerpt":{"rendered":"<p>\u00bfCre\u00e9is que se podr\u00eda hacer esto? En nuestro taller, nos encanta que nos hagas esa pregunta. Damos vida a tus ideas para crear accesorios \u00fatiles, cuidados y pr\u00e1cticos. Consulta sin compromiso, rellena el formulario de contacto que encontrar\u00e1s m\u00e1s abajo.<\/p>\n","protected":false},"featured_media":521,"comment_status":"open","ping_status":"closed","template":"","meta":{"site-sidebar-layout":"default","site-content-layout":"","ast-site-content-layout":"default","site-content-style":"default","site-sidebar-style":"default","ast-global-header-display":"","ast-banner-title-visibility":"","ast-main-header-display":"","ast-hfb-above-header-display":"","ast-hfb-below-header-display":"","ast-hfb-mobile-header-display":"","site-post-title":"","ast-breadcrumbs-content":"","ast-featured-img":"","footer-sml-layout":"","ast-disable-related-posts":"","theme-transparent-header-meta":"default","adv-header-id-meta":"","stick-header-meta":"","header-above-stick-meta":"","header-main-stick-meta":"","header-below-stick-meta":"","astra-migrate-meta-layouts":"set","ast-page-background-enabled":"default","ast-page-background-meta":{"desktop":{"background-color":"var(--ast-global-color-5)","background-image":"","background-repeat":"repeat","background-position":"center center","background-size":"auto","background-attachment":"scroll","background-type":"","background-media":"","overlay-type":"","overlay-color":"","overlay-opacity":"","overlay-gradient":""},"tablet":{"background-color":"","background-image":"","background-repeat":"repeat","background-position":"center center","background-size":"auto","background-attachment":"scroll","background-type":"","background-media":"","overlay-type":"","overlay-color":"","overlay-opacity":"","overlay-gradient":""},"mobile":{"background-color":"","background-image":"","background-repeat":"repeat","background-position":"center center","background-size":"auto","background-attachment":"scroll","background-type":"","background-media":"","overlay-type":"","overlay-color":"","overlay-opacity":"","overlay-gradient":""}},"ast-content-background-meta":{"desktop":{"background-color":"var(--ast-global-color-4)","background-image":"","background-repeat":"repeat","background-position":"center center","background-size":"auto","background-attachment":"scroll","background-type":"","background-media":"","overlay-type":"","overlay-color":"","overlay-opacity":"","overlay-gradient":""},"tablet":{"background-color":"var(--ast-global-color-4)","background-image":"","background-repeat":"repeat","background-position":"center center","background-size":"auto","background-attachment":"scroll","background-type":"","background-media":"","overlay-type":"","overlay-color":"","overlay-opacity":"","overlay-gradient":""},"mobile":{"background-color":"var(--ast-global-color-4)","background-image":"","background-repeat":"repeat","background-position":"center center","background-size":"auto","background-attachment":"scroll","background-type":"","background-media":"","overlay-type":"","overlay-color":"","overlay-opacity":"","overlay-gradient":""}}},"product_brand":[],"product_cat":[186],"product_tag":[189,187,29,190,188],"class_list":{"0":"post-520","1":"product","2":"type-product","3":"status-publish","4":"has-post-thumbnail","6":"product_cat-encargos-personalizados","7":"product_tag-artesania-bajo-pedido","8":"product_tag-costura-a-medida","9":"product_tag-hecho-a-mano","10":"product_tag-personalizado","11":"product_tag-regalo-personalizado","12":"desktop-align-left","13":"tablet-align-left","14":"mobile-align-left","16":"first","17":"instock","18":"virtual","19":"taxable","20":"product-type-simple"},"yoast_head":"<!-- This site is optimized with the Yoast SEO plugin v27.1.1 - https:\/\/yoast.com\/product\/yoast-seo-wordpress\/ -->\n<title>Tu proyecto a medida - Llosa<\/title>\n<meta name=\"description\" content=\"\u00bfCre\u00e9is que se podr\u00eda hacer esto? En LLOSA decimos que s\u00ed. Cu\u00e9ntanos tu idea de costura personalizada y dise\u00f1emos juntos tu pieza \u00fanica y artesanal.\" \/>\n<meta name=\"robots\" content=\"index, follow, max-snippet:-1, max-image-preview:large, max-video-preview:-1\" \/>\n<link rel=\"canonical\" href=\"https:\/\/llosa.es\/index.php\/producto\/encargos-personalizados\/\" \/>\n<meta property=\"og:locale\" content=\"es_ES\" \/>\n<meta property=\"og:type\" content=\"article\" \/>\n<meta property=\"og:title\" content=\"Tu proyecto a medida - Llosa\" \/>\n<meta property=\"og:description\" content=\"\u00bfCre\u00e9is que se podr\u00eda hacer esto? En LLOSA decimos que s\u00ed. Cu\u00e9ntanos tu idea de costura personalizada y dise\u00f1emos juntos tu pieza \u00fanica y artesanal.\" \/>\n<meta property=\"og:url\" content=\"https:\/\/llosa.es\/index.php\/producto\/encargos-personalizados\/\" \/>\n<meta property=\"og:site_name\" content=\"Llosa\" \/>\n<meta property=\"article:publisher\" content=\"https:\/\/www.facebook.com\/llosatextil\" \/>\n<meta property=\"article:modified_time\" content=\"2026-03-14T19:19:51+00:00\" \/>\n<meta property=\"og:image\" content=\"https:\/\/llosa.es\/wp-content\/uploads\/2026\/03\/IMG_20260105_174728-scaled.jpg\" \/>\n\t<meta property=\"og:image:width\" content=\"2560\" \/>\n\t<meta property=\"og:image:height\" content=\"1920\" \/>\n\t<meta property=\"og:image:type\" content=\"image\/jpeg\" \/>\n<meta name=\"twitter:card\" content=\"summary_large_image\" \/>\n<meta name=\"twitter:label1\" content=\"Tiempo de lectura\" \/>\n\t<meta name=\"twitter:data1\" content=\"2 minutos\" \/>\n<script type=\"application\/ld+json\" class=\"yoast-schema-graph\">{\"@context\":\"https:\/\/schema.org\",\"@graph\":[{\"@type\":\"WebPage\",\"@id\":\"https:\/\/llosa.es\/index.php\/producto\/encargos-personalizados\/\",\"url\":\"https:\/\/llosa.es\/index.php\/producto\/encargos-personalizados\/\",\"name\":\"Tu proyecto a medida - Llosa\",\"isPartOf\":{\"@id\":\"https:\/\/llosa.es\/#website\"},\"primaryImageOfPage\":{\"@id\":\"https:\/\/llosa.es\/index.php\/producto\/encargos-personalizados\/#primaryimage\"},\"image\":{\"@id\":\"https:\/\/llosa.es\/index.php\/producto\/encargos-personalizados\/#primaryimage\"},\"thumbnailUrl\":\"https:\/\/llosa.es\/wp-content\/uploads\/2026\/03\/IMG_20260105_174728-scaled.jpg\",\"datePublished\":\"2026-03-14T18:20:19+00:00\",\"dateModified\":\"2026-03-14T19:19:51+00:00\",\"description\":\"\u00bfCre\u00e9is que se podr\u00eda hacer esto? En LLOSA decimos que s\u00ed. Cu\u00e9ntanos tu idea de costura personalizada y dise\u00f1emos juntos tu pieza \u00fanica y artesanal.\",\"breadcrumb\":{\"@id\":\"https:\/\/llosa.es\/index.php\/producto\/encargos-personalizados\/#breadcrumb\"},\"inLanguage\":\"es\",\"potentialAction\":[{\"@type\":\"ReadAction\",\"target\":[\"https:\/\/llosa.es\/index.php\/producto\/encargos-personalizados\/\"]}]},{\"@type\":\"ImageObject\",\"inLanguage\":\"es\",\"@id\":\"https:\/\/llosa.es\/index.php\/producto\/encargos-personalizados\/#primaryimage\",\"url\":\"https:\/\/llosa.es\/wp-content\/uploads\/2026\/03\/IMG_20260105_174728-scaled.jpg\",\"contentUrl\":\"https:\/\/llosa.es\/wp-content\/uploads\/2026\/03\/IMG_20260105_174728-scaled.jpg\",\"width\":2560,\"height\":1920,\"caption\":\"Oplus_16908288\"},{\"@type\":\"BreadcrumbList\",\"@id\":\"https:\/\/llosa.es\/index.php\/producto\/encargos-personalizados\/#breadcrumb\",\"itemListElement\":[{\"@type\":\"ListItem\",\"position\":1,\"name\":\"Portada\",\"item\":\"https:\/\/llosa.es\/\"},{\"@type\":\"ListItem\",\"position\":2,\"name\":\"Tienda\",\"item\":\"https:\/\/llosa.es\/\"},{\"@type\":\"ListItem\",\"position\":3,\"name\":\"Tu proyecto a medida\"}]},{\"@type\":\"WebSite\",\"@id\":\"https:\/\/llosa.es\/#website\",\"url\":\"https:\/\/llosa.es\/\",\"name\":\"Llosa\",\"description\":\"Arte textil\",\"publisher\":{\"@id\":\"https:\/\/llosa.es\/#organization\"},\"potentialAction\":[{\"@type\":\"SearchAction\",\"target\":{\"@type\":\"EntryPoint\",\"urlTemplate\":\"https:\/\/llosa.es\/?s={search_term_string}\"},\"query-input\":{\"@type\":\"PropertyValueSpecification\",\"valueRequired\":true,\"valueName\":\"search_term_string\"}}],\"inLanguage\":\"es\"},{\"@type\":\"Organization\",\"@id\":\"https:\/\/llosa.es\/#organization\",\"name\":\"Llosa\",\"url\":\"https:\/\/llosa.es\/\",\"logo\":{\"@type\":\"ImageObject\",\"inLanguage\":\"es\",\"@id\":\"https:\/\/llosa.es\/#\/schema\/logo\/image\/\",\"url\":\"https:\/\/llosa.es\/wp-content\/uploads\/2025\/10\/cropped-llosa.png\",\"contentUrl\":\"https:\/\/llosa.es\/wp-content\/uploads\/2025\/10\/cropped-llosa.png\",\"width\":902,\"height\":300,\"caption\":\"Llosa\"},\"image\":{\"@id\":\"https:\/\/llosa.es\/#\/schema\/logo\/image\/\"},\"sameAs\":[\"https:\/\/www.facebook.com\/llosatextil\",\"https:\/\/www.instagram.com\/llosa_textil\/\",\"https:\/\/www.tiktok.com\/@llosa_textil\"]}]}<\/script>\n<!-- \/ Yoast SEO plugin. -->","yoast_head_json":{"title":"Tu proyecto a medida - Llosa","description":"\u00bfCre\u00e9is que se podr\u00eda hacer esto? En LLOSA decimos que s\u00ed. Cu\u00e9ntanos tu idea de costura personalizada y dise\u00f1emos juntos tu pieza \u00fanica y artesanal.","robots":{"index":"index","follow":"follow","max-snippet":"max-snippet:-1","max-image-preview":"max-image-preview:large","max-video-preview":"max-video-preview:-1"},"canonical":"https:\/\/llosa.es\/index.php\/producto\/encargos-personalizados\/","og_locale":"es_ES","og_type":"article","og_title":"Tu proyecto a medida - Llosa","og_description":"\u00bfCre\u00e9is que se podr\u00eda hacer esto? En LLOSA decimos que s\u00ed. Cu\u00e9ntanos tu idea de costura personalizada y dise\u00f1emos juntos tu pieza \u00fanica y artesanal.","og_url":"https:\/\/llosa.es\/index.php\/producto\/encargos-personalizados\/","og_site_name":"Llosa","article_publisher":"https:\/\/www.facebook.com\/llosatextil","article_modified_time":"2026-03-14T19:19:51+00:00","og_image":[{"width":2560,"height":1920,"url":"https:\/\/llosa.es\/wp-content\/uploads\/2026\/03\/IMG_20260105_174728-scaled.jpg","type":"image\/jpeg"}],"twitter_card":"summary_large_image","twitter_misc":{"Tiempo de lectura":"2 minutos"},"schema":{"@context":"https:\/\/schema.org","@graph":[{"@type":"WebPage","@id":"https:\/\/llosa.es\/index.php\/producto\/encargos-personalizados\/","url":"https:\/\/llosa.es\/index.php\/producto\/encargos-personalizados\/","name":"Tu proyecto a medida - Llosa","isPartOf":{"@id":"https:\/\/llosa.es\/#website"},"primaryImageOfPage":{"@id":"https:\/\/llosa.es\/index.php\/producto\/encargos-personalizados\/#primaryimage"},"image":{"@id":"https:\/\/llosa.es\/index.php\/producto\/encargos-personalizados\/#primaryimage"},"thumbnailUrl":"https:\/\/llosa.es\/wp-content\/uploads\/2026\/03\/IMG_20260105_174728-scaled.jpg","datePublished":"2026-03-14T18:20:19+00:00","dateModified":"2026-03-14T19:19:51+00:00","description":"\u00bfCre\u00e9is que se podr\u00eda hacer esto? En LLOSA decimos que s\u00ed. Cu\u00e9ntanos tu idea de costura personalizada y dise\u00f1emos juntos tu pieza \u00fanica y artesanal.","breadcrumb":{"@id":"https:\/\/llosa.es\/index.php\/producto\/encargos-personalizados\/#breadcrumb"},"inLanguage":"es","potentialAction":[{"@type":"ReadAction","target":["https:\/\/llosa.es\/index.php\/producto\/encargos-personalizados\/"]}]},{"@type":"ImageObject","inLanguage":"es","@id":"https:\/\/llosa.es\/index.php\/producto\/encargos-personalizados\/#primaryimage","url":"https:\/\/llosa.es\/wp-content\/uploads\/2026\/03\/IMG_20260105_174728-scaled.jpg","contentUrl":"https:\/\/llosa.es\/wp-content\/uploads\/2026\/03\/IMG_20260105_174728-scaled.jpg","width":2560,"height":1920,"caption":"Oplus_16908288"},{"@type":"BreadcrumbList","@id":"https:\/\/llosa.es\/index.php\/producto\/encargos-personalizados\/#breadcrumb","itemListElement":[{"@type":"ListItem","position":1,"name":"Portada","item":"https:\/\/llosa.es\/"},{"@type":"ListItem","position":2,"name":"Tienda","item":"https:\/\/llosa.es\/"},{"@type":"ListItem","position":3,"name":"Tu proyecto a medida"}]},{"@type":"WebSite","@id":"https:\/\/llosa.es\/#website","url":"https:\/\/llosa.es\/","name":"Llosa","description":"Arte textil","publisher":{"@id":"https:\/\/llosa.es\/#organization"},"potentialAction":[{"@type":"SearchAction","target":{"@type":"EntryPoint","urlTemplate":"https:\/\/llosa.es\/?s={search_term_string}"},"query-input":{"@type":"PropertyValueSpecification","valueRequired":true,"valueName":"search_term_string"}}],"inLanguage":"es"},{"@type":"Organization","@id":"https:\/\/llosa.es\/#organization","name":"Llosa","url":"https:\/\/llosa.es\/","logo":{"@type":"ImageObject","inLanguage":"es","@id":"https:\/\/llosa.es\/#\/schema\/logo\/image\/","url":"https:\/\/llosa.es\/wp-content\/uploads\/2025\/10\/cropped-llosa.png","contentUrl":"https:\/\/llosa.es\/wp-content\/uploads\/2025\/10\/cropped-llosa.png","width":902,"height":300,"caption":"Llosa"},"image":{"@id":"https:\/\/llosa.es\/#\/schema\/logo\/image\/"},"sameAs":["https:\/\/www.facebook.com\/llosatextil","https:\/\/www.instagram.com\/llosa_textil\/","https:\/\/www.tiktok.com\/@llosa_textil"]}]}},"jetpack_sharing_enabled":true,"_links":{"self":[{"href":"https:\/\/llosa.es\/index.php\/wp-json\/wp\/v2\/product\/520","targetHints":{"allow":["GET"]}}],"collection":[{"href":"https:\/\/llosa.es\/index.php\/wp-json\/wp\/v2\/product"}],"about":[{"href":"https:\/\/llosa.es\/index.php\/wp-json\/wp\/v2\/types\/product"}],"replies":[{"embeddable":true,"href":"https:\/\/llosa.es\/index.php\/wp-json\/wp\/v2\/comments?post=520"}],"wp:featuredmedia":[{"embeddable":true,"href":"https:\/\/llosa.es\/index.php\/wp-json\/wp\/v2\/media\/521"}],"wp:attachment":[{"href":"https:\/\/llosa.es\/index.php\/wp-json\/wp\/v2\/media?parent=520"}],"wp:term":[{"taxonomy":"product_brand","embeddable":true,"href":"https:\/\/llosa.es\/index.php\/wp-json\/wp\/v2\/product_brand?post=520"},{"taxonomy":"product_cat","embeddable":true,"href":"https:\/\/llosa.es\/index.php\/wp-json\/wp\/v2\/product_cat?post=520"},{"taxonomy":"product_tag","embeddable":true,"href":"https:\/\/llosa.es\/index.php\/wp-json\/wp\/v2\/product_tag?post=520"}],"curies":[{"name":"wp","href":"https:\/\/api.w.org\/{rel}","templated":true}]}}